{"id":53,"date":"2014-03-09T06:37:22","date_gmt":"2014-03-09T06:37:22","guid":{"rendered":"http:\/\/iiiji.com\/bgccm\/?page_id=53"},"modified":"2014-03-11T05:45:24","modified_gmt":"2014-03-11T05:45:24","slug":"vision","status":"publish","type":"page","link":"https:\/\/bgccmproduction.com\/?page_id=53","title":{"rendered":"Vision"},"content":{"rendered":"<div class=\"subbanner\">\n<div class=\"quoteline\">\ud558\ub098\ub2d8\uaed8\uc11c \uc6b0\ub9ac\uc758 \ub208\ubb3c\uc744 \ub2e6\uc544\uc8fc\uc2ed\ub2c8\ub2e4\u2026<br \/>\n\uc774\uc81c\ub294\u2026 \uc6b0\ub9ac\uac00 \uadf8\uc758 \ub208\ubb3c\uc744 \ub2e6\uc544\ub4dc\ub9b4 \ucc28\ub840\uc785\ub2c8\ub2e4\u2026<\/div>\n<\/div>\n<div class=\"wrap-960\">\n<h1>Vision<span class=\"sub-eng\"><\/span><\/h1>\n<blockquote><\/blockquote>\n<hr\/>\n<div class=\"row\">\n<div class=\"span12\">\n<ul class=\"front-icons\">\n<li>\n<h2>bG \ube44\uc804<\/h2>\n<p>bG (belongs to God) CCM Production\uc758 \ube44\uc804\uc740 \uc774 \uc138\uc0c1\uc5d0 \uc120\ud55c \uc601\ud5a5\ub825\uc744 \ub07c\uce58\uace0, \ubcf5\uc74c\uc744 \uc804\ud558\uace0, \ud558\ub098\ub2d8\uaed8 \uae30\uc068\uacfc \uc601\uad11\uc744 \uc62c\ub824\ub4dc\ub9ac\ub294 \uac83\uc785\ub2c8\ub2e4.  \ud558\ub098\ub2d8\uc744 \uc778\uaca9\uc801\uc73c\ub85c \ub9cc\ub098\uace0, \ud558\ub098\ub2d8\uc758 \uc0ac\ub791\uacfc \uc704\ub85c\uac00 \uc800\ud76c \uace1\ub4e4\uc744 \ub4e3\ub294 \ubaa8\ub4e0 \uc774\ub4e4\uc5d0\uac8c \uc784\ud558\uc2dc\uae30\ub97c \uae30\ub3c4\ub4dc\ub9ac\uba70 \uc18c\ub9dd\ud569\ub2c8\ub2e4.  <\/p>\n<p>bG CCM Production\uc5d0\uc11c \ub098\uc624\ub294 CCM \uace1\ub4e4\uc774 \uc624\uc9c1 \ud558\ub098\ub2d8\uc744 \uc54c\uace0 \ub610 \ud558\ub098\ub2d8\uc744 \ubbff\ub294 \ubd84\ub4e4\uc744 \uc704\ud574\uc11c\ub9cc \ub9cc\ub4e4\uc5b4\uc9c0\uae38 \uc6d0\uce58 \uc54a\uc2b5\ub2c8\ub2e4.  \uae30\ub3c5\uad50\uc801\uc778 \uba67\uc138\uc9c0\ub97c \uc644\uc804\ud788 \ubc30\uc81c\ud560 \uc218\ub294 \uc5c6\uc9c0\ub9cc, \ud558\ub098\ub2d8\uc744 \ubbff\uc9c0 \uc54a\ub294 \ubd84\ub4e4\ub3c4 \uac70\ubd80\uac10\uc5c6\uc774 \ud3b8\uc548\ud558\uac8c \ub4e4\uc744 \uc218 \uc788\ub294 \uc758\ubbf8\uc788\ub294 CCM \uace1\ub4e4\uc774 \uc55e\uc73c\ub85c bG CCM Production\uc744 \ud1b5\ud574 \ub9ce\uc774 \ub9cc\ub4e4\uc5b4\uc9c0\uae38 \ubc14\ub78d\ub2c8\ub2e4.  <\/p>\n<p>bG CCM Production\uc744 \ud1b5\ud574 \ud558\ub098\ub2d8\uc758 \uc601\uac10\uacfc \uae30\ub984\ubd80\uc73c\uc2ec\uc774 \ub118\uce58\ub294 CCM \uace1\ub4e4\uc774 \ub9ce\uc774 \ub098\uc62c \uc218 \uc788\ub3c4\ub85d \uc5ec\ub7ec\ubd84\ub4e4\uc758 \uae30\ub3c4\ud6c4\uc6d0\uc744 \uacb8\uc190\ud558\uace0 \uc815\uc911\ud558\uac8c \ubd80\ud0c1\ub4dc\ub9ac\ub294 \ubc14 \uc785\ub2c8\ub2e4.  <\/p>\n<p>\uac10\uc0ac\ud569\ub2c8\ub2e4.\n<\/li>\n<li class=\"text-eng\">\n<h2>bG Vision<\/h2>\n<p>The vision of bG (belongs to God) CCM Production is to give a positive influence on the world, to share the gospel, and to please and glorify God.  We sincerely pray and hope that everyone who listens to our CCM songs will have a personal relationship with God, will feel His love, and will be comforted by Him. <\/p>\n<p>The CCM songs from bG CCM Production will not only be produced for those who believe in God, but for non-Christians as well.  Although we are not able to completely eliminate the message of the gospel, we will be motivated to produce CCM songs that even non-Christians can listen comfortably and meaningfully.<\/p>\n<p>We humbly and politely ask you to keep us in your prayers so God can anoint our CCM ministry with His inspiration.  <\/p>\n<p>Thank you.\n<\/li>\n<li class=\"text-esp\">\n<h2>Visi\u00f3n de bG<\/h2>\n<p>La visi\u00f3n de bG (pertenece a Dios) CCM Production es dar una influencia positive en el mundo, compartir el Evangelio, y agradar y glorificar a Dios. Nosotros oramos sinceramente y esperamos que todos los que escuchan nuestras canciones de CCM (M\u00fasica Contemp\u00f3ranea Cristiana) tengan una relaci\u00f3n personal con Dios, sientan Su amor, y sean consolados por \u00c9l. <\/p>\n<p>Las canciones CCM de bG CCM Production seran producidas no solo para aquellos que creen en Dios, sino tambi\u00e9n para los no cristianos. Aunque no podemos eliminar completamente el mensaje del Evangelio, nosotros estaremos motivados a producir canciones de CCM que incluso los no cristianos puedan escuchar confortablemente y de manera significativa. <\/p>\n<p>Nosotros le pedimos humilde y amablemente que nos mantengan en sus oraciones para que Dios pueda ungir nuestro ministerio de CCM con Su inspiraci\u00f3n. <\/p>\n<p>Gracias.\n<\/li>\n<\/ul><\/div>\n<\/div>\n<div class=\"clear20\"><\/div>\n","protected":false},"excerpt":{"rendered":"<p>\ud558\ub098\ub2d8\uaed8\uc11c \uc6b0\ub9ac\uc758 \ub208\ubb3c\uc744 \ub2e6\uc544\uc8fc\uc2ed\ub2c8\ub2e4\u2026 \uc774\uc81c\ub294\u2026 \uc6b0\ub9ac\uac00 \uadf8\uc758 \ub208\ubb3c\uc744 \ub2e6\uc544\ub4dc\ub9b4 \ucc28\ub840\uc785\ub2c8\ub2e4\u2026 Vision bG \ube44\uc804 bG (belongs to God) CCM Production\uc758 \ube44\uc804\uc740 \uc774 \uc138\uc0c1\uc5d0 \uc120\ud55c \uc601\ud5a5\ub825\uc744 \ub07c\uce58\uace0, \ubcf5\uc74c\uc744 \uc804\ud558\uace0, \ud558\ub098\ub2d8\uaed8 \uae30\uc068\uacfc \uc601\uad11\uc744 \uc62c\ub824\ub4dc\ub9ac\ub294 \uac83\uc785\ub2c8\ub2e4. \ud558\ub098\ub2d8\uc744 \uc778\uaca9\uc801\uc73c\ub85c \ub9cc\ub098\uace0, \ud558\ub098\ub2d8\uc758 \uc0ac\ub791\uacfc \uc704\ub85c\uac00 \uc800\ud76c \uace1\ub4e4\uc744 \ub4e3\ub294 \ubaa8\ub4e0 \uc774\ub4e4\uc5d0\uac8c \uc784\ud558\uc2dc\uae30\ub97c \uae30\ub3c4\ub4dc\ub9ac\uba70 \uc18c\ub9dd\ud569\ub2c8\ub2e4. bG CCM Production\uc5d0\uc11c \ub098\uc624\ub294 CCM \uace1\ub4e4\uc774 \uc624\uc9c1 \ud558\ub098\ub2d8\uc744 \uc54c\uace0 [&hellip;]<\/p>\n","protected":false},"author":1,"featured_media":0,"parent":0,"menu_order":0,"comment_status":"closed","ping_status":"closed","template":"page-templates\/full-width.php","meta":{"footnotes":""},"_links":{"self":[{"href":"https:\/\/bgccmproduction.com\/index.php?rest_route=\/wp\/v2\/pages\/53"}],"collection":[{"href":"https:\/\/bgccmproduction.com\/index.php?rest_route=\/wp\/v2\/pages"}],"about":[{"href":"https:\/\/bgccmproduction.com\/index.php?rest_route=\/wp\/v2\/types\/page"}],"author":[{"embeddable":true,"href":"https:\/\/bgccmproduction.com\/index.php?rest_route=\/wp\/v2\/users\/1"}],"replies":[{"embeddable":true,"href":"https:\/\/bgccmproduction.com\/index.php?rest_route=%2Fwp%2Fv2%2Fcomments&post=53"}],"version-history":[{"count":6,"href":"https:\/\/bgccmproduction.com\/index.php?rest_route=\/wp\/v2\/pages\/53\/revisions"}],"predecessor-version":[{"id":96,"href":"https:\/\/bgccmproduction.com\/index.php?rest_route=\/wp\/v2\/pages\/53\/revisions\/96"}],"wp:attachment":[{"href":"https:\/\/bgccmproduction.com\/index.php?rest_route=%2Fwp%2Fv2%2Fmedia&parent=53"}],"curies":[{"name":"wp","href":"https:\/\/api.w.org\/{rel}","templated":true}]}}